{"id":1260,"date":"2025-01-23T21:01:52","date_gmt":"2025-01-23T18:01:52","guid":{"rendered":"https:\/\/tamer.myddns.me\/?page_id=1260"},"modified":"2025-06-27T22:31:33","modified_gmt":"2025-06-27T19:31:33","slug":"blog","status":"publish","type":"page","link":"https:\/\/tamerakin.com.tr\/?page_id=1260","title":{"rendered":"BLOG"},"content":{"rendered":"<div  data-slideshow-options=\"{&quot;animation&quot;:&quot;fade&quot;,&quot;autoplay&quot;:false,&quot;loop_autoplay&quot;:&quot;once&quot;,&quot;interval&quot;:5,&quot;loop_manual&quot;:&quot;manual-endless&quot;,&quot;autoplay_stopper&quot;:false,&quot;noNavigation&quot;:false,&quot;show_slide_delay&quot;:90}\" class='avia-content-slider avia-content-grid-active avia-content-slider1 avia-content-slider-odd  avia-builder-el-0  avia-builder-el-no-sibling  av-slideshow-ui av-control-default   av-no-slider-navigation av-slideshow-manual av-loop-once av-loop-manual-endless '  itemscope=\"itemscope\" itemtype=\"https:\/\/schema.org\/Blog\" ><div class=\"avia-content-slider-inner\"><div class=\"slide-entry-wrap\"><article class='slide-entry flex_column  post-entry post-entry-1277 slide-entry-overview slide-loop-1 slide-parity-odd  av_one_third first real-thumbnail posttype-post post-format-standard'  itemscope=\"itemscope\" itemtype=\"https:\/\/schema.org\/CreativeWork\" ><a href='https:\/\/tamerakin.com.tr\/?p=1277' data-rel='slide-1' class='slide-image' title='Yeniden Do\u011fu\u015fun \u00d6yk\u00fcs\u00fc'><img decoding=\"async\" fetchpriority=\"high\" width=\"495\" height=\"400\" src=\"https:\/\/tamerakin.com.tr\/wp-content\/uploads\/2025\/01\/1896689-495x400.jpg\" class=\"wp-image-1278 avia-img-lazy-loading-not-1278 attachment-portfolio size-portfolio wp-post-image\" alt=\"\" srcset=\"https:\/\/tamerakin.com.tr\/wp-content\/uploads\/2025\/01\/1896689-495x400.jpg 495w, https:\/\/tamerakin.com.tr\/wp-content\/uploads\/2025\/01\/1896689-845x684.jpg 845w\" sizes=\"(max-width: 495px) 100vw, 495px\" \/><\/a><div class=\"slide-content\"><header class=\"entry-content-header\"><h3 class='slide-entry-title entry-title '  itemprop=\"headline\" ><a href='https:\/\/tamerakin.com.tr\/?p=1277' title='Yeniden Do\u011fu\u015fun \u00d6yk\u00fcs\u00fc'>Yeniden Do\u011fu\u015fun \u00d6yk\u00fcs\u00fc<\/a><\/h3><span class=\"av-vertical-delimiter\"><\/span><\/header><div class=\"slide-meta\"><time class='slide-meta-time updated'  itemprop=\"datePublished\" datetime=\"2025-01-23T21:18:02+03:00\" >23\/01\/2025<\/time><\/div><div class='slide-entry-excerpt entry-content'  itemprop=\"text\" >Kartal, ku\u015f t\u00fcrleri i\u00e7inde en uzun ya\u015fayanlardan biridir.\u2026<div class=\"read-more-link\"><a href=\"https:\/\/tamerakin.com.tr\/?p=1277\" class=\"more-link\">Devam\u0131n\u0131 Oku<span class=\"more-link-arrow\"><\/span><\/a><\/div><\/div><\/div><footer class=\"entry-footer\"><\/footer><span class='hidden'>\n\t\t\t\t<span class='av-structured-data'  itemprop=\"image\" itemscope=\"itemscope\" itemtype=\"https:\/\/schema.org\/ImageObject\" >\n\t\t\t\t\t\t<span itemprop='url'>https:\/\/tamerakin.com.tr\/wp-content\/uploads\/2025\/01\/1896689.jpg<\/span>\n\t\t\t\t\t\t<span itemprop='height'>1258<\/span>\n\t\t\t\t\t\t<span itemprop='width'>1920<\/span>\n\t\t\t\t<\/span>\n\t\t\t\t<span class='av-structured-data'  itemprop=\"publisher\" itemtype=\"https:\/\/schema.org\/Organization\" itemscope=\"itemscope\" >\n\t\t\t\t\t\t<span itemprop='name'>tamerwp<\/span>\n\t\t\t\t\t\t<span itemprop='logo' itemscope itemtype='https:\/\/schema.org\/ImageObject'>\n\t\t\t\t\t\t\t<span itemprop='url'>https:\/\/tamerakin.com.tr\/wp-content\/uploads\/2025\/01\/logo_ad.png<\/span>\n\t\t\t\t\t\t<\/span>\n\t\t\t\t<\/span><span class='av-structured-data'  itemprop=\"author\" itemscope=\"itemscope\" itemtype=\"https:\/\/schema.org\/Person\" ><span itemprop='name'>tamerwp<\/span><\/span><span class='av-structured-data'  itemprop=\"datePublished\" datetime=\"2025-01-23T21:01:52+03:00\" >2025-01-23 21:18:02<\/span><span class='av-structured-data'  itemprop=\"dateModified\" itemtype=\"https:\/\/schema.org\/dateModified\" >2025-01-23 21:18:44<\/span><span class='av-structured-data'  itemprop=\"mainEntityOfPage\" itemtype=\"https:\/\/schema.org\/mainEntityOfPage\" ><span itemprop='name'>Yeniden Do\u011fu\u015fun \u00d6yk\u00fcs\u00fc<\/span><\/span><\/span><\/article><article class='slide-entry flex_column  post-entry post-entry-1271 slide-entry-overview slide-loop-2 slide-parity-even  av_one_third  real-thumbnail posttype-post post-format-standard'  itemscope=\"itemscope\" itemtype=\"https:\/\/schema.org\/CreativeWork\" ><a href='https:\/\/tamerakin.com.tr\/?p=1271' data-rel='slide-1' class='slide-image' title='Bir \u00c7in Masal\u0131'><img decoding=\"async\" fetchpriority=\"high\" width=\"495\" height=\"400\" src=\"https:\/\/tamerakin.com.tr\/wp-content\/uploads\/2025\/01\/1480378-495x400.jpg\" class=\"wp-image-1272 avia-img-lazy-loading-not-1272 attachment-portfolio size-portfolio wp-post-image\" alt=\"\" srcset=\"https:\/\/tamerakin.com.tr\/wp-content\/uploads\/2025\/01\/1480378-495x400.jpg 495w, https:\/\/tamerakin.com.tr\/wp-content\/uploads\/2025\/01\/1480378-845x684.jpg 845w\" sizes=\"(max-width: 495px) 100vw, 495px\" \/><\/a><div class=\"slide-content\"><header class=\"entry-content-header\"><h3 class='slide-entry-title entry-title '  itemprop=\"headline\" ><a href='https:\/\/tamerakin.com.tr\/?p=1271' title='Bir \u00c7in Masal\u0131'>Bir \u00c7in Masal\u0131<\/a><\/h3><span class=\"av-vertical-delimiter\"><\/span><\/header><div class=\"slide-meta\"><time class='slide-meta-time updated'  itemprop=\"datePublished\" datetime=\"2025-01-23T21:15:57+03:00\" >23\/01\/2025<\/time><\/div><div class='slide-entry-excerpt entry-content'  itemprop=\"text\" >G\u00fcn\u00fcn birinde \u00c7inli bir \u00e7ift\u00e7i ah\u0131r\u0131n\u0131n kap\u0131s\u0131n\u0131 a\u00e7\u0131k\u2026<div class=\"read-more-link\"><a href=\"https:\/\/tamerakin.com.tr\/?p=1271\" class=\"more-link\">Devam\u0131n\u0131 Oku<span class=\"more-link-arrow\"><\/span><\/a><\/div><\/div><\/div><footer class=\"entry-footer\"><\/footer><span class='hidden'>\n\t\t\t\t<span class='av-structured-data'  itemprop=\"image\" itemscope=\"itemscope\" itemtype=\"https:\/\/schema.org\/ImageObject\" >\n\t\t\t\t\t\t<span itemprop='url'>https:\/\/tamerakin.com.tr\/wp-content\/uploads\/2025\/01\/1480378.jpg<\/span>\n\t\t\t\t\t\t<span itemprop='height'>1517<\/span>\n\t\t\t\t\t\t<span itemprop='width'>2149<\/span>\n\t\t\t\t<\/span>\n\t\t\t\t<span class='av-structured-data'  itemprop=\"publisher\" itemtype=\"https:\/\/schema.org\/Organization\" itemscope=\"itemscope\" >\n\t\t\t\t\t\t<span itemprop='name'>tamerwp<\/span>\n\t\t\t\t\t\t<span itemprop='logo' itemscope itemtype='https:\/\/schema.org\/ImageObject'>\n\t\t\t\t\t\t\t<span itemprop='url'>https:\/\/tamerakin.com.tr\/wp-content\/uploads\/2025\/01\/logo_ad.png<\/span>\n\t\t\t\t\t\t<\/span>\n\t\t\t\t<\/span><span class='av-structured-data'  itemprop=\"author\" itemscope=\"itemscope\" itemtype=\"https:\/\/schema.org\/Person\" ><span itemprop='name'>tamerwp<\/span><\/span><span class='av-structured-data'  itemprop=\"datePublished\" datetime=\"2025-01-23T21:01:52+03:00\" >2025-01-23 21:15:57<\/span><span class='av-structured-data'  itemprop=\"dateModified\" itemtype=\"https:\/\/schema.org\/dateModified\" >2025-01-23 21:15:57<\/span><span class='av-structured-data'  itemprop=\"mainEntityOfPage\" itemtype=\"https:\/\/schema.org\/mainEntityOfPage\" ><span itemprop='name'>Bir \u00c7in Masal\u0131<\/span><\/span><\/span><\/article><article class='slide-entry flex_column  post-entry post-entry-1267 slide-entry-overview slide-loop-3 slide-parity-odd  av_one_third  real-thumbnail posttype-post post-format-standard'  itemscope=\"itemscope\" itemtype=\"https:\/\/schema.org\/CreativeWork\" ><a href='https:\/\/tamerakin.com.tr\/?p=1267' data-rel='slide-1' class='slide-image' title='Denemeyi G\u00f6ze Alma Cesareti'><img decoding=\"async\" fetchpriority=\"high\" width=\"495\" height=\"400\" src=\"https:\/\/tamerakin.com.tr\/wp-content\/uploads\/2025\/01\/1686622-495x400.jpg\" class=\"wp-image-1270 avia-img-lazy-loading-not-1270 attachment-portfolio size-portfolio wp-post-image\" alt=\"\" srcset=\"https:\/\/tamerakin.com.tr\/wp-content\/uploads\/2025\/01\/1686622-495x400.jpg 495w, https:\/\/tamerakin.com.tr\/wp-content\/uploads\/2025\/01\/1686622-845x684.jpg 845w\" sizes=\"(max-width: 495px) 100vw, 495px\" \/><\/a><div class=\"slide-content\"><header class=\"entry-content-header\"><h3 class='slide-entry-title entry-title '  itemprop=\"headline\" ><a href='https:\/\/tamerakin.com.tr\/?p=1267' title='Denemeyi G\u00f6ze Alma Cesareti'>Denemeyi G\u00f6ze Alma Cesareti<\/a><\/h3><span class=\"av-vertical-delimiter\"><\/span><\/header><div class=\"slide-meta\"><time class='slide-meta-time updated'  itemprop=\"datePublished\" datetime=\"2025-01-23T21:13:07+03:00\" >23\/01\/2025<\/time><\/div><div class='slide-entry-excerpt entry-content'  itemprop=\"text\" >\u00a0Kral maiyetini \u00f6nemli bir g\u00f6rev i\u00e7in s\u0131namak istemi\u015f.\u2026<div class=\"read-more-link\"><a href=\"https:\/\/tamerakin.com.tr\/?p=1267\" class=\"more-link\">Devam\u0131n\u0131 Oku<span class=\"more-link-arrow\"><\/span><\/a><\/div><\/div><\/div><footer class=\"entry-footer\"><\/footer><span class='hidden'>\n\t\t\t\t<span class='av-structured-data'  itemprop=\"image\" itemscope=\"itemscope\" itemtype=\"https:\/\/schema.org\/ImageObject\" >\n\t\t\t\t\t\t<span itemprop='url'>https:\/\/tamerakin.com.tr\/wp-content\/uploads\/2025\/01\/1686622.jpg<\/span>\n\t\t\t\t\t\t<span itemprop='height'>1635<\/span>\n\t\t\t\t\t\t<span itemprop='width'>1080<\/span>\n\t\t\t\t<\/span>\n\t\t\t\t<span class='av-structured-data'  itemprop=\"publisher\" itemtype=\"https:\/\/schema.org\/Organization\" itemscope=\"itemscope\" >\n\t\t\t\t\t\t<span itemprop='name'>tamerwp<\/span>\n\t\t\t\t\t\t<span itemprop='logo' itemscope itemtype='https:\/\/schema.org\/ImageObject'>\n\t\t\t\t\t\t\t<span itemprop='url'>https:\/\/tamerakin.com.tr\/wp-content\/uploads\/2025\/01\/logo_ad.png<\/span>\n\t\t\t\t\t\t<\/span>\n\t\t\t\t<\/span><span class='av-structured-data'  itemprop=\"author\" itemscope=\"itemscope\" itemtype=\"https:\/\/schema.org\/Person\" ><span itemprop='name'>tamerwp<\/span><\/span><span class='av-structured-data'  itemprop=\"datePublished\" datetime=\"2025-01-23T21:01:52+03:00\" >2025-01-23 21:13:07<\/span><span class='av-structured-data'  itemprop=\"dateModified\" itemtype=\"https:\/\/schema.org\/dateModified\" >2025-01-23 21:16:29<\/span><span class='av-structured-data'  itemprop=\"mainEntityOfPage\" itemtype=\"https:\/\/schema.org\/mainEntityOfPage\" ><span itemprop='name'>Denemeyi G\u00f6ze Alma Cesareti<\/span><\/span><\/span><\/article><\/div><div class=\"slide-entry-wrap\"><article class='slide-entry flex_column  post-entry post-entry-1240 slide-entry-overview slide-loop-4 slide-parity-odd  av_one_third first real-thumbnail posttype-post post-format-standard'  itemscope=\"itemscope\" itemtype=\"https:\/\/schema.org\/CreativeWork\" ><a href='https:\/\/tamerakin.com.tr\/?p=1240' data-rel='slide-1' class='slide-image' title='Zirveye Uzananlar'><img decoding=\"async\" fetchpriority=\"high\" width=\"495\" height=\"400\" src=\"https:\/\/tamerakin.com.tr\/wp-content\/uploads\/2025\/01\/1886527-495x400.jpg\" class=\"wp-image-1241 avia-img-lazy-loading-not-1241 attachment-portfolio size-portfolio wp-post-image\" alt=\"\" srcset=\"https:\/\/tamerakin.com.tr\/wp-content\/uploads\/2025\/01\/1886527-495x400.jpg 495w, https:\/\/tamerakin.com.tr\/wp-content\/uploads\/2025\/01\/1886527-845x684.jpg 845w\" sizes=\"(max-width: 495px) 100vw, 495px\" \/><\/a><div class=\"slide-content\"><header class=\"entry-content-header\"><h3 class='slide-entry-title entry-title '  itemprop=\"headline\" ><a href='https:\/\/tamerakin.com.tr\/?p=1240' title='Zirveye Uzananlar'>Zirveye Uzananlar<\/a><\/h3><span class=\"av-vertical-delimiter\"><\/span><\/header><div class=\"slide-meta\"><time class='slide-meta-time updated'  itemprop=\"datePublished\" datetime=\"2025-01-23T20:29:57+03:00\" >23\/01\/2025<\/time><\/div><div class='slide-entry-excerpt entry-content'  itemprop=\"text\" >\nHayata ge\u00e7 kalmay\u0131 dert etmeyip zirveye uzananlar\u0131n \u00f6yk\u00fcs\u00fc\u2026<div class=\"read-more-link\"><a href=\"https:\/\/tamerakin.com.tr\/?p=1240\" class=\"more-link\">Devam\u0131n\u0131 Oku<span class=\"more-link-arrow\"><\/span><\/a><\/div><\/div><\/div><footer class=\"entry-footer\"><\/footer><span class='hidden'>\n\t\t\t\t<span class='av-structured-data'  itemprop=\"image\" itemscope=\"itemscope\" itemtype=\"https:\/\/schema.org\/ImageObject\" >\n\t\t\t\t\t\t<span itemprop='url'>https:\/\/tamerakin.com.tr\/wp-content\/uploads\/2025\/01\/1886527.jpg<\/span>\n\t\t\t\t\t\t<span itemprop='height'>960<\/span>\n\t\t\t\t\t\t<span itemprop='width'>1440<\/span>\n\t\t\t\t<\/span>\n\t\t\t\t<span class='av-structured-data'  itemprop=\"publisher\" itemtype=\"https:\/\/schema.org\/Organization\" itemscope=\"itemscope\" >\n\t\t\t\t\t\t<span itemprop='name'>tamerwp<\/span>\n\t\t\t\t\t\t<span itemprop='logo' itemscope itemtype='https:\/\/schema.org\/ImageObject'>\n\t\t\t\t\t\t\t<span itemprop='url'>https:\/\/tamerakin.com.tr\/wp-content\/uploads\/2025\/01\/logo_ad.png<\/span>\n\t\t\t\t\t\t<\/span>\n\t\t\t\t<\/span><span class='av-structured-data'  itemprop=\"author\" itemscope=\"itemscope\" itemtype=\"https:\/\/schema.org\/Person\" ><span itemprop='name'>tamerwp<\/span><\/span><span class='av-structured-data'  itemprop=\"datePublished\" datetime=\"2025-01-23T21:01:52+03:00\" >2025-01-23 20:29:57<\/span><span class='av-structured-data'  itemprop=\"dateModified\" itemtype=\"https:\/\/schema.org\/dateModified\" >2025-01-23 20:29:57<\/span><span class='av-structured-data'  itemprop=\"mainEntityOfPage\" itemtype=\"https:\/\/schema.org\/mainEntityOfPage\" ><span itemprop='name'>Zirveye Uzananlar<\/span><\/span><\/span><\/article><article class='slide-entry flex_column  post-entry post-entry-1233 slide-entry-overview slide-loop-5 slide-parity-even  post-entry-last  av_one_third  real-thumbnail posttype-post post-format-standard'  itemscope=\"itemscope\" itemtype=\"https:\/\/schema.org\/CreativeWork\" ><a href='https:\/\/tamerakin.com.tr\/?p=1233' data-rel='slide-1' class='slide-image' title='Hayat\u0131n Matemati\u011fi ile Hayalinizdeki \u0130\u015fe Kavu\u015fun'><img decoding=\"async\" fetchpriority=\"high\" width=\"495\" height=\"400\" src=\"https:\/\/tamerakin.com.tr\/wp-content\/uploads\/2025\/01\/1706318-495x400.jpg\" class=\"wp-image-1235 avia-img-lazy-loading-not-1235 attachment-portfolio size-portfolio wp-post-image\" alt=\"\" srcset=\"https:\/\/tamerakin.com.tr\/wp-content\/uploads\/2025\/01\/1706318-495x400.jpg 495w, https:\/\/tamerakin.com.tr\/wp-content\/uploads\/2025\/01\/1706318-845x684.jpg 845w\" sizes=\"(max-width: 495px) 100vw, 495px\" \/><\/a><div class=\"slide-content\"><header class=\"entry-content-header\"><h3 class='slide-entry-title entry-title '  itemprop=\"headline\" ><a href='https:\/\/tamerakin.com.tr\/?p=1233' title='Hayat\u0131n Matemati\u011fi ile Hayalinizdeki \u0130\u015fe Kavu\u015fun'>Hayat\u0131n Matemati\u011fi ile Hayalinizdeki \u0130\u015fe Kavu\u015fun<\/a><\/h3><span class=\"av-vertical-delimiter\"><\/span><\/header><div class=\"slide-meta\"><time class='slide-meta-time updated'  itemprop=\"datePublished\" datetime=\"2024-01-05T20:16:42+03:00\" >05\/01\/2024<\/time><\/div><div class='slide-entry-excerpt entry-content'  itemprop=\"text\" >\r\n2011 y\u0131l\u0131ndan beri i\u015f hayat\u0131n\u0131n farkl\u0131 kademelerinde\u2026<div class=\"read-more-link\"><a href=\"https:\/\/tamerakin.com.tr\/?p=1233\" class=\"more-link\">Devam\u0131n\u0131 Oku<span class=\"more-link-arrow\"><\/span><\/a><\/div><\/div><\/div><footer class=\"entry-footer\"><\/footer><span class='hidden'>\n\t\t\t\t<span class='av-structured-data'  itemprop=\"image\" itemscope=\"itemscope\" itemtype=\"https:\/\/schema.org\/ImageObject\" >\n\t\t\t\t\t\t<span itemprop='url'>https:\/\/tamerakin.com.tr\/wp-content\/uploads\/2025\/01\/1706318.jpg<\/span>\n\t\t\t\t\t\t<span itemprop='height'>1148<\/span>\n\t\t\t\t\t\t<span itemprop='width'>1736<\/span>\n\t\t\t\t<\/span>\n\t\t\t\t<span class='av-structured-data'  itemprop=\"publisher\" itemtype=\"https:\/\/schema.org\/Organization\" itemscope=\"itemscope\" >\n\t\t\t\t\t\t<span itemprop='name'>tamerwp<\/span>\n\t\t\t\t\t\t<span itemprop='logo' itemscope itemtype='https:\/\/schema.org\/ImageObject'>\n\t\t\t\t\t\t\t<span itemprop='url'>https:\/\/tamerakin.com.tr\/wp-content\/uploads\/2025\/01\/logo_ad.png<\/span>\n\t\t\t\t\t\t<\/span>\n\t\t\t\t<\/span><span class='av-structured-data'  itemprop=\"author\" itemscope=\"itemscope\" itemtype=\"https:\/\/schema.org\/Person\" ><span itemprop='name'>tamerwp<\/span><\/span><span class='av-structured-data'  itemprop=\"datePublished\" datetime=\"2025-01-23T21:01:52+03:00\" >2024-01-05 20:16:42<\/span><span class='av-structured-data'  itemprop=\"dateModified\" itemtype=\"https:\/\/schema.org\/dateModified\" >2025-06-27 22:32:57<\/span><span class='av-structured-data'  itemprop=\"mainEntityOfPage\" itemtype=\"https:\/\/schema.org\/mainEntityOfPage\" ><span itemprop='name'>Hayat\u0131n Matemati\u011fi ile Hayalinizdeki \u0130\u015fe Kavu\u015fun<\/span><\/span><\/span><\/article><\/div><\/div><\/div>\n","protected":false},"excerpt":{"rendered":"","protected":false},"author":1,"featured_media":0,"parent":0,"menu_order":0,"comment_status":"closed","ping_status":"closed","template":"","meta":{"footnotes":""},"class_list":["post-1260","page","type-page","status-publish","hentry"],"_links":{"self":[{"href":"https:\/\/tamerakin.com.tr\/index.php?rest_route=\/wp\/v2\/pages\/1260","targetHints":{"allow":["GET"]}}],"collection":[{"href":"https:\/\/tamerakin.com.tr\/index.php?rest_route=\/wp\/v2\/pages"}],"about":[{"href":"https:\/\/tamerakin.com.tr\/index.php?rest_route=\/wp\/v2\/types\/page"}],"author":[{"embeddable":true,"href":"https:\/\/tamerakin.com.tr\/index.php?rest_route=\/wp\/v2\/users\/1"}],"replies":[{"embeddable":true,"href":"https:\/\/tamerakin.com.tr\/index.php?rest_route=%2Fwp%2Fv2%2Fcomments&post=1260"}],"version-history":[{"count":10,"href":"https:\/\/tamerakin.com.tr\/index.php?rest_route=\/wp\/v2\/pages\/1260\/revisions"}],"predecessor-version":[{"id":1333,"href":"https:\/\/tamerakin.com.tr\/index.php?rest_route=\/wp\/v2\/pages\/1260\/revisions\/1333"}],"wp:attachment":[{"href":"https:\/\/tamerakin.com.tr\/index.php?rest_route=%2Fwp%2Fv2%2Fmedia&parent=1260"}],"curies":[{"name":"wp","href":"https:\/\/api.w.org\/{rel}","templated":true}]}}