{"id":1379,"date":"2025-10-20T11:41:05","date_gmt":"2025-10-20T08:41:05","guid":{"rendered":"https:\/\/tamerakin.com.tr\/?page_id=1379"},"modified":"2025-12-07T00:08:05","modified_gmt":"2025-12-06T21:08:05","slug":"danismanlik","status":"publish","type":"page","link":"https:\/\/tamerakin.com.tr\/?page_id=1379","title":{"rendered":"DANI\u015eMANLIK"},"content":{"rendered":"<p><strong>Astrolojik Dan\u0131\u015fmanl\u0131k<\/strong><\/p>\n<p>Sizin do\u011fum tarihinizden harita analizini ger\u00e7ekle\u015ftirmekte ve yorumunu online olarak size aktarmaktay\u0131m.<\/p>\n<p>Do\u011fum haritan\u0131z, bu d\u00fcnyaya geli\u015f amac\u0131n\u0131z\u0131n, potansiyelinizin ve ya\u015fam yolunuzun e\u015fsiz bir rehberidir. Hayat\u0131n\u0131zda neden ayn\u0131 d\u00f6ng\u00fcleri ya\u015f\u0131yorsunuz? Kariyerinizde sizi ger\u00e7ekten ne motive ediyor? Hangi d\u00f6nemlerde risk almal\u0131s\u0131n\u0131z, ne zaman durup i\u00e7e d\u00f6nmelisiniz?<\/p>\n<p>Profesyonel astroloji dan\u0131\u015fmanl\u0131\u011f\u0131 hizmetimle:<\/p>\n<p>\ud83c\udf1f Do\u011fum haritan\u0131z\u0131 detayl\u0131 \u015fekilde analiz ediyor,<br \/>\n\ud83c\udf1f Hayat\u0131n\u0131z\u0131n \u00f6nemli d\u00f6n\u00fcm noktalar\u0131n\u0131 ele al\u0131yor,<br \/>\n\ud83c\udf1f Sizi k\u0131s\u0131tlayan kal\u0131plar\u0131 fark etmenizi sa\u011fl\u0131yor ve<br \/>\n\ud83c\udf1f Gelece\u011fe daha bilin\u00e7li, g\u00fc\u00e7l\u00fc ad\u0131mlarla ilerlemenize rehberlik ediyorum.<br \/>\n\ud83c\udf1f \u00d6n\u00fcm\u00fczdeki 1 y\u0131ll\u0131k zaman diliminin sizin i\u00e7in sundu\u011fu f\u0131rsatlar\u0131 payla\u015f\u0131yorum.<\/p>\n<p>Seans 1 saat s\u00fcrmekte ve online olarak ger\u00e7ekle\u015ftirilmektedir.<\/p>\n<p>&nbsp;<\/p>\n<p><strong>Y\u0131ll\u0131k \u00d6ng\u00f6r\u00fc<\/strong><\/p>\n<p>Online Seans &#8211; S\u00fcre 1 saat<\/p>\n<p>\u00d6n\u00fcm\u00fczdeki 1 y\u0131ll\u0131k zaman diliminin sizin i\u00e7in sundu\u011fu f\u0131rsatlar\u0131 payla\u015f\u0131yorum.<\/p>\n<p>&nbsp;<\/p>\n<p><strong>Do\u011fum Haritas\u0131 Seans\u0131<\/strong><\/p>\n<p>Online Seans &#8211; S\u00fcre 1 saat<\/p>\n<p>Do\u011fum haritan\u0131z\u0131 detayl\u0131 \u015fekilde analiz ediyor,<br \/>\nHayat\u0131n\u0131z\u0131n \u00f6nemli d\u00f6n\u00fcm noktalar\u0131n\u0131 ele al\u0131yor,<br \/>\nSizi k\u0131s\u0131tlayan kal\u0131plar\u0131 fark etmenizi sa\u011fl\u0131yor ve<br \/>\nGelece\u011fe daha bilin\u00e7li, g\u00fc\u00e7l\u00fc ad\u0131mlarla ilerlemenize rehberlik ediyorum.<\/p>\n<p>&nbsp;<\/p>\n<p><strong>Rektifikasyon<\/strong><\/p>\n<p>Do\u011fum saatiniz net de\u011filse Rektifikasyon ( do\u011fum saati netle\u015ftirme) dan\u0131\u015fmanl\u0131\u011f\u0131 alabilirsiniz.<\/p>\n<p>&nbsp;<\/p>\n<p>Detayl\u0131 bilgi ve randevu i\u00e7in <a href=\"https:\/\/tamerakin.com.tr\/?page_id=945\">t\u0131klay\u0131n<\/a><\/p>\n","protected":false},"excerpt":{"rendered":"<p>Astrolojik Dan\u0131\u015fmanl\u0131k Sizin do\u011fum tarihinizden harita analizini ger\u00e7ekle\u015ftirmekte ve yorumunu online olarak size aktarmaktay\u0131m. Do\u011fum haritan\u0131z, bu d\u00fcnyaya geli\u015f amac\u0131n\u0131z\u0131n, potansiyelinizin ve ya\u015fam yolunuzun e\u015fsiz bir rehberidir. Hayat\u0131n\u0131zda neden ayn\u0131 d\u00f6ng\u00fcleri ya\u015f\u0131yorsunuz? Kariyerinizde sizi ger\u00e7ekten ne motive ediyor? Hangi d\u00f6nemlerde risk almal\u0131s\u0131n\u0131z, ne zaman durup i\u00e7e d\u00f6nmelisiniz? Profesyonel astroloji dan\u0131\u015fmanl\u0131\u011f\u0131 hizmetimle: \ud83c\udf1f Do\u011fum haritan\u0131z\u0131 detayl\u0131 [&hellip;]<\/p>\n","protected":false},"author":1,"featured_media":0,"parent":0,"menu_order":0,"comment_status":"closed","ping_status":"closed","template":"","meta":{"footnotes":""},"class_list":["post-1379","page","type-page","status-publish","hentry"],"_links":{"self":[{"href":"https:\/\/tamerakin.com.tr\/index.php?rest_route=\/wp\/v2\/pages\/1379","targetHints":{"allow":["GET"]}}],"collection":[{"href":"https:\/\/tamerakin.com.tr\/index.php?rest_route=\/wp\/v2\/pages"}],"about":[{"href":"https:\/\/tamerakin.com.tr\/index.php?rest_route=\/wp\/v2\/types\/page"}],"author":[{"embeddable":true,"href":"https:\/\/tamerakin.com.tr\/index.php?rest_route=\/wp\/v2\/users\/1"}],"replies":[{"embeddable":true,"href":"https:\/\/tamerakin.com.tr\/index.php?rest_route=%2Fwp%2Fv2%2Fcomments&post=1379"}],"version-history":[{"count":8,"href":"https:\/\/tamerakin.com.tr\/index.php?rest_route=\/wp\/v2\/pages\/1379\/revisions"}],"predecessor-version":[{"id":1419,"href":"https:\/\/tamerakin.com.tr\/index.php?rest_route=\/wp\/v2\/pages\/1379\/revisions\/1419"}],"wp:attachment":[{"href":"https:\/\/tamerakin.com.tr\/index.php?rest_route=%2Fwp%2Fv2%2Fmedia&parent=1379"}],"curies":[{"name":"wp","href":"https:\/\/api.w.org\/{rel}","templated":true}]}}